{"id":3171,"date":"2016-10-31T16:25:28","date_gmt":"2016-10-31T16:25:28","guid":{"rendered":"https:\/\/gotravel.qodeinteractive.com\/?page_id=3171"},"modified":"2024-01-16T03:30:44","modified_gmt":"2024-01-16T02:30:44","slug":"preguntas-frecuentes","status":"publish","type":"page","link":"https:\/\/www.carlotastockar.com.py\/sitio\/preguntas-frecuentes\/","title":{"rendered":"Preguntas Frecuentes"},"content":{"rendered":"<p>[vc_row][vc_column]<div class=\"mkdf-elements-holder mkdf-responsive-mode-768\" ><div class=\"mkdf-eh-item \"   data-item-class=\"mkdf-eh-custom-914076\">\r\n\t<div class=\"mkdf-eh-item-inner\">\r\n\t\t<div class=\"mkdf-eh-item-content mkdf-eh-custom-914076\" >\r\n\t\t\t<div class=\"mkdf-accordion-holder clearfix mkdf-accordion mkdf-boxed \">\r\n\t<h5 class=\"clearfix mkdf-title-holder\">\r\n<span class=\"mkdf-accordion-mark mkdf-left-mark\">\r\n\t\t<span class=\"mkdf-accordion-mark-icon\">\r\n\t\t\t<span class=\"mkdf-accordion-mark-open arrow_carrot-down\"><\/span>\r\n\t\t\t<span class=\"mkdf-accordion-mark-close arrow_carrot-up\"><\/span>\r\n\t\t<\/span>\r\n<\/span>\r\n<span class=\"mkdf-tab-title\">\r\n\t\t<span class=\"mkdf-tab-title-inner\">\r\n\t\t\t\t\t\tUn mundo sin fronteras\t\t<\/span>\r\n<\/span>\r\n<\/h5>\r\n<div class=\"mkdf-accordion-content\">\r\n\t<div class=\"mkdf-accordion-content-inner\">\r\n\t\t[vc_column_text]Emb\u00e1rcate en el viaje de tus sue\u00f1os sin l\u00edmites ni preocupaciones. En cada destino te \u00a0aguarda una historia por descubrir, un paisaje por contemplar y una experiencia por vivir.[\/vc_column_text]\r\n\t\t\t<\/div>\r\n<\/div>\r\n<h5 class=\"clearfix mkdf-title-holder\">\r\n<span class=\"mkdf-accordion-mark mkdf-left-mark\">\r\n\t\t<span class=\"mkdf-accordion-mark-icon\">\r\n\t\t\t<span class=\"mkdf-accordion-mark-open arrow_carrot-down\"><\/span>\r\n\t\t\t<span class=\"mkdf-accordion-mark-close arrow_carrot-up\"><\/span>\r\n\t\t<\/span>\r\n<\/span>\r\n<span class=\"mkdf-tab-title\">\r\n\t\t<span class=\"mkdf-tab-title-inner\">\r\n\t\t\t\t\t\t\u00bfQu\u00e9 necesito para viajar?\t\t<\/span>\r\n<\/span>\r\n<\/h5>\r\n<div class=\"mkdf-accordion-content\">\r\n\t<div class=\"mkdf-accordion-content-inner\">\r\n\t\t[vc_column_text]Nuestros agentes de viajes se encargan de brindarte toda la informaci\u00f3n necesaria para tu viaje so\u00f1ado! Record\u00e1 tener tus documentaciones al d\u00eda y calcular un gasto promedio estimado seg\u00fan el plan de viaje que elijas.[\/vc_column_text]\r\n\t\t\t<\/div>\r\n<\/div>\r\n<h5 class=\"clearfix mkdf-title-holder\">\r\n<span class=\"mkdf-accordion-mark mkdf-left-mark\">\r\n\t\t<span class=\"mkdf-accordion-mark-icon\">\r\n\t\t\t<span class=\"mkdf-accordion-mark-open arrow_carrot-down\"><\/span>\r\n\t\t\t<span class=\"mkdf-accordion-mark-close arrow_carrot-up\"><\/span>\r\n\t\t<\/span>\r\n<\/span>\r\n<span class=\"mkdf-tab-title\">\r\n\t\t<span class=\"mkdf-tab-title-inner\">\r\n\t\t\t\t\t\t\u00bfFacilidades de pago?\t\t<\/span>\r\n<\/span>\r\n<\/h5>\r\n<div class=\"mkdf-accordion-content\">\r\n\t<div class=\"mkdf-accordion-content-inner\">\r\n\t\t[vc_column_text]Con nuestro\u00a0plan de financiaci\u00f3n propia o con el Stockar Ahorro, los sue\u00f1os inalcanzables se convierten en realidades accesibles&#8230; desde playas ex\u00f3ticas hasta majestuosas monta\u00f1as, tu aventura espera. \u00a0\u00a1Con pagos flexibles, el mundo es tu escenario y tus sue\u00f1os la br\u00fajula!. Consulta tambi\u00e9n por planes de financiaci\u00f3n de tu Banco de preferencia.[\/vc_column_text]\r\n\t\t\t<\/div>\r\n<\/div>\r\n<h5 class=\"clearfix mkdf-title-holder\">\r\n<span class=\"mkdf-accordion-mark mkdf-left-mark\">\r\n\t\t<span class=\"mkdf-accordion-mark-icon\">\r\n\t\t\t<span class=\"mkdf-accordion-mark-open arrow_carrot-down\"><\/span>\r\n\t\t\t<span class=\"mkdf-accordion-mark-close arrow_carrot-up\"><\/span>\r\n\t\t<\/span>\r\n<\/span>\r\n<span class=\"mkdf-tab-title\">\r\n\t\t<span class=\"mkdf-tab-title-inner\">\r\n\t\t\t\t\t\t\u00bfSi no tengo compa\u00f1ero\/a de viaje?\t\t<\/span>\r\n<\/span>\r\n<\/h5>\r\n<div class=\"mkdf-accordion-content\">\r\n\t<div class=\"mkdf-accordion-content-inner\">\r\n\t\t[vc_column_text]Tenemos paquetes que se adaptan a todas las necesidades, si sos de viajar solo\/a, te armamos el paquete a medida!\u00a0 Si el caso\u00a0 es que busques compa\u00f1ero\/a de viaje, te contamos que en nuestras salidas grupales contamos con opciones de habitaciones a compartir, con beneficios como: hacer nuevos amigos\/as y ahorrar dinero por no pagar habitaci\u00f3n individual.[\/vc_column_text]\r\n\t\t\t<\/div>\r\n<\/div>\r\n<h5 class=\"clearfix mkdf-title-holder\">\r\n<span class=\"mkdf-accordion-mark mkdf-left-mark\">\r\n\t\t<span class=\"mkdf-accordion-mark-icon\">\r\n\t\t\t<span class=\"mkdf-accordion-mark-open arrow_carrot-down\"><\/span>\r\n\t\t\t<span class=\"mkdf-accordion-mark-close arrow_carrot-up\"><\/span>\r\n\t\t<\/span>\r\n<\/span>\r\n<span class=\"mkdf-tab-title\">\r\n\t\t<span class=\"mkdf-tab-title-inner\">\r\n\t\t\t\t\t\t\u00bfC\u00f3mo puedo contactar con un vendedor?\t\t<\/span>\r\n<\/span>\r\n<\/h5>\r\n<div class=\"mkdf-accordion-content\">\r\n\t<div class=\"mkdf-accordion-content-inner\">\r\n\t\t[vc_column_text]Estamos a un mensaje de distancia! Podes contactarnos por redes sociales, l\u00ednea fija 071208360, por el bot\u00f3n de Whatsapp, llamando al celular +595 992 273512 \u00f3 bien en nuestra oficina sobre Juan Leon Mallorquin 1238 , en el coraz\u00f3n de Encarnaci\u00f3n.[\/vc_column_text]\r\n\t\t\t<\/div>\r\n<\/div>\r\n<h5 class=\"clearfix mkdf-title-holder\">\r\n<span class=\"mkdf-accordion-mark mkdf-left-mark\">\r\n\t\t<span class=\"mkdf-accordion-mark-icon\">\r\n\t\t\t<span class=\"mkdf-accordion-mark-open arrow_carrot-down\"><\/span>\r\n\t\t\t<span class=\"mkdf-accordion-mark-close arrow_carrot-up\"><\/span>\r\n\t\t<\/span>\r\n<\/span>\r\n<span class=\"mkdf-tab-title\">\r\n\t\t<span class=\"mkdf-tab-title-inner\">\r\n\t\t\t\t\t\tEn caso que no pueda realizar el viaje contratado, \u00bfcu\u00e1les son las pol\u00edticas de cancelaci\u00f3n?\t\t<\/span>\r\n<\/span>\r\n<\/h5>\r\n<div class=\"mkdf-accordion-content\">\r\n\t<div class=\"mkdf-accordion-content-inner\">\r\n\t\t[vc_column_text]Cada paquete contratado cuenta con una pol\u00edtica de cancelaci\u00f3n, el cual nuestros agentes se encargan de informarte. Siempre est\u00e1 sujeto a las pol\u00edticas de los proveedores de acuerdo a los plazos establecidos, record\u00e1 que somos intermediarios en la prestaci\u00f3n de servicios y nos ocupamos de que todo tu viaje sea as\u00ed como lo so\u00f1aste.[\/vc_column_text]\r\n\t\t\t<\/div>\r\n<\/div>\r\n<h5 class=\"clearfix mkdf-title-holder\">\r\n<span class=\"mkdf-accordion-mark mkdf-left-mark\">\r\n\t\t<span class=\"mkdf-accordion-mark-icon\">\r\n\t\t\t<span class=\"mkdf-accordion-mark-open arrow_carrot-down\"><\/span>\r\n\t\t\t<span class=\"mkdf-accordion-mark-close arrow_carrot-up\"><\/span>\r\n\t\t<\/span>\r\n<\/span>\r\n<span class=\"mkdf-tab-title\">\r\n\t\t<span class=\"mkdf-tab-title-inner\">\r\n\t\t\t\t\t\t\u00bfQu\u00e9 m\u00e9todos de pago aceptan?\t\t<\/span>\r\n<\/span>\r\n<\/h5>\r\n<div class=\"mkdf-accordion-content\">\r\n\t<div class=\"mkdf-accordion-content-inner\">\r\n\t\t[vc_column_text]Aceptamos pagos en efectivo, transferencias bancarias, cheques, pagos posnet o QR.[\/vc_column_text]\r\n\t\t\t<\/div>\r\n<\/div>\r\n<\/div>\t\t<\/div>\r\n\t<\/div>\r\n<\/div><\/div>[\/vc_column][\/vc_row]<\/p>\n","protected":false},"excerpt":{"rendered":"<p>[vc_row][vc_column][\/vc_column][\/vc_row]<\/p>\n","protected":false},"author":1,"featured_media":0,"parent":0,"menu_order":0,"comment_status":"closed","ping_status":"closed","template":"","meta":{"footnotes":""},"class_list":["post-3171","page","type-page","status-publish","hentry"],"_links":{"self":[{"href":"https:\/\/www.carlotastockar.com.py\/sitio\/wp-json\/wp\/v2\/pages\/3171","targetHints":{"allow":["GET"]}}],"collection":[{"href":"https:\/\/www.carlotastockar.com.py\/sitio\/wp-json\/wp\/v2\/pages"}],"about":[{"href":"https:\/\/www.carlotastockar.com.py\/sitio\/wp-json\/wp\/v2\/types\/page"}],"author":[{"embeddable":true,"href":"https:\/\/www.carlotastockar.com.py\/sitio\/wp-json\/wp\/v2\/users\/1"}],"replies":[{"embeddable":true,"href":"https:\/\/www.carlotastockar.com.py\/sitio\/wp-json\/wp\/v2\/comments?post=3171"}],"version-history":[{"count":8,"href":"https:\/\/www.carlotastockar.com.py\/sitio\/wp-json\/wp\/v2\/pages\/3171\/revisions"}],"predecessor-version":[{"id":5880,"href":"https:\/\/www.carlotastockar.com.py\/sitio\/wp-json\/wp\/v2\/pages\/3171\/revisions\/5880"}],"wp:attachment":[{"href":"https:\/\/www.carlotastockar.com.py\/sitio\/wp-json\/wp\/v2\/media?parent=3171"}],"curies":[{"name":"wp","href":"https:\/\/api.w.org\/{rel}","templated":true}]}}