{"id":3183,"date":"2016-10-31T16:39:11","date_gmt":"2016-10-31T16:39:11","guid":{"rendered":"https:\/\/gotravel.qodeinteractive.com\/?page_id=3183"},"modified":"2025-06-10T19:10:23","modified_gmt":"2025-06-10T17:10:23","slug":"contacto","status":"publish","type":"page","link":"https:\/\/www.carlotastockar.com.py\/sitio\/contacto\/","title":{"rendered":"Contacto"},"content":{"rendered":"<p>[vc_row][vc_column]<div class=\"mkdf-google-map-holder\">\r\n\t<div class=\"mkdf-google-map\" id=\"mkdf-map-1901420\" data-addresses='[\"-27.333879776141153, -55.867766717712435\"]'  data-custom-map-style=true  data-saturation=1  data-lightness=1  data-zoom=18  data-pin=https:\/\/www.carlotastockar.com.py\/sitio\/wp-content\/themes\/gotravel\/assets\/img\/pin.png  data-unique-id=1901420  data-scroll-wheel=false  data-height=425  data-location-map=yes><\/div>\r\n\t\t\t<div class=\"mkdf-google-map-overlay\"><\/div>\r\n\t<\/div>\r\n[\/vc_column][\/vc_row][vc_row content_width=\u00bbgrid\u00bb css=\u00bb.vc_custom_1478779909278{padding-top: 69px !important;padding-bottom: 52px !important;}\u00bb][vc_column offset=\u00bbvc_col-lg-6 vc_col-md-12&#8243;][vc_column_text]<\/p>\n<h3>Cont\u00e1ctanos<\/h3>\n<p>[\/vc_column_text][vc_empty_space height=\u00bb33&#8243;]\n<div class=\"wpcf7 no-js\" id=\"wpcf7-f4935-o1\" lang=\"es-ES\" dir=\"ltr\">\n<div class=\"screen-reader-response\"><p role=\"status\" aria-live=\"polite\" aria-atomic=\"true\"><\/p> <ul><\/ul><\/div>\n<form action=\"\/sitio\/wp-json\/wp\/v2\/pages\/3183#wpcf7-f4935-o1\" method=\"post\" class=\"wpcf7-form init\" aria-label=\"Formulario de contacto\" novalidate=\"novalidate\" data-status=\"init\">\n<div style=\"display: none;\">\n<input type=\"hidden\" name=\"_wpcf7\" value=\"4935\" \/>\n<input type=\"hidden\" name=\"_wpcf7_version\" value=\"5.9.7\" \/>\n<input type=\"hidden\" name=\"_wpcf7_locale\" value=\"es_ES\" \/>\n<input type=\"hidden\" name=\"_wpcf7_unit_tag\" value=\"wpcf7-f4935-o1\" \/>\n<input type=\"hidden\" name=\"_wpcf7_container_post\" value=\"0\" \/>\n<input type=\"hidden\" name=\"_wpcf7_posted_data_hash\" value=\"\" \/>\n<\/div>\n<p><label> Tu nombre<br \/>\n<span class=\"wpcf7-form-control-wrap\" data-name=\"your-name\"><input size=\"40\" maxlength=\"400\" class=\"wpcf7-form-control wpcf7-text wpcf7-validates-as-required\" autocomplete=\"name\" aria-required=\"true\" aria-invalid=\"false\" value=\"\" type=\"text\" name=\"your-name\" \/><\/span> <\/label>\n<\/p>\n<p><label> Tu correo electr\u00f3nico<br \/>\n<span class=\"wpcf7-form-control-wrap\" data-name=\"your-email\"><input size=\"40\" maxlength=\"400\" class=\"wpcf7-form-control wpcf7-email wpcf7-validates-as-required wpcf7-text wpcf7-validates-as-email\" autocomplete=\"email\" aria-required=\"true\" aria-invalid=\"false\" value=\"\" type=\"email\" name=\"your-email\" \/><\/span> <\/label>\n<\/p>\n<p><label> WhatsApp<br \/>\n<span class=\"wpcf7-form-control-wrap\" data-name=\"tel-456\"><input size=\"40\" maxlength=\"400\" class=\"wpcf7-form-control wpcf7-tel wpcf7-validates-as-required wpcf7-text wpcf7-validates-as-tel\" aria-required=\"true\" aria-invalid=\"false\" value=\"\" type=\"tel\" name=\"tel-456\" \/><\/span> <\/label>\n<\/p>\n<p><label> Contanos a d\u00f3nde te gustar\u00eda viajar<br \/>\n<span class=\"wpcf7-form-control-wrap\" data-name=\"your-message\"><textarea cols=\"40\" rows=\"10\" maxlength=\"2000\" class=\"wpcf7-form-control wpcf7-textarea\" aria-invalid=\"false\" name=\"your-message\"><\/textarea><\/span> <\/label>\n<\/p>\n<p><input class=\"wpcf7-form-control wpcf7-submit has-spinner\" type=\"submit\" value=\"Enviar\" \/>\n<\/p><div class=\"wpcf7-response-output\" aria-hidden=\"true\"><\/div>\n<\/form>\n<\/div>\n[vc_empty_space height=\u00bb50&#8243;][\/vc_column][vc_column offset=\u00bbvc_col-lg-6 vc_col-md-12&#8243;][vc_empty_space height=\u00bb3&#8243;][vc_column_text]<\/p>\n<h4>\u00bfTiene alguna duda o consulta?<\/h4>\n<p>[\/vc_column_text][vc_column_text]Nuestros agentes est\u00e1n a su disposici\u00f3n. Complete el formulario y uno de nuestros agentes de viaje se pondr\u00e1 en contacto.[\/vc_column_text][vc_empty_space height=\u00bb83&#8243;][vc_row_inner][vc_column_inner][vc_column_text]<\/p>\n<h4>Direcci\u00f3n<\/h4>\n<p>[\/vc_column_text][vc_empty_space height=\u00bb10&#8243;]\r\n<h6 class=\"mkdf-custom-font-holder\" style=\"color: #999999\">\r\nJuan Le\u00f3n Mallorqu\u00edn 1238, entre 14 de Mayo y Cerro Cor\u00e1<\/h6>[vc_empty_space height=\u00bb2&#8243;]\r\n<h6 class=\"mkdf-custom-font-holder\" style=\"color: #999999\">\r\nEncarnaci\u00f3n, Departamento de Itap\u00faa. Paraguay<\/h6>[vc_empty_space height=\u00bb2&#8243;]\r\n<h6 class=\"mkdf-custom-font-holder\" style=\"color: #999999\">\r\ninfoparaguay@carlotastockar.com<\/h6>[vc_empty_space height=\u00bb50&#8243;][\/vc_column_inner][\/vc_row_inner][\/vc_column][\/vc_row]<\/p>\n","protected":false},"excerpt":{"rendered":"<p>[vc_row][vc_column][\/vc_column][\/vc_row][vc_row content_width=\u00bbgrid\u00bb css=\u00bb.vc_custom_1478779909278{padding-top: 69px !important;padding-bottom: 52px !important;}\u00bb][vc_column offset=\u00bbvc_col-lg-6 vc_col-md-12&#8243;][vc_column_text] Cont\u00e1ctanos [\/vc_column_text][vc_empty_space height=\u00bb33&#8243;][vc_empty_space height=\u00bb50&#8243;][\/vc_column][vc_column offset=\u00bbvc_col-lg-6 vc_col-md-12&#8243;][vc_empty_space height=\u00bb3&#8243;][vc_column_text] \u00bfTiene alguna duda o consulta? [\/vc_column_text][vc_column_text]Nuestros agentes est\u00e1n a su disposici\u00f3n. Complete el formulario y uno de nuestros agentes de viaje se pondr\u00e1 en contacto.[\/vc_column_text][vc_empty_space height=\u00bb83&#8243;][vc_row_inner][vc_column_inner][vc_column_text] Direcci\u00f3n [\/vc_column_text][vc_empty_space height=\u00bb10&#8243;][vc_empty_space height=\u00bb2&#8243;][vc_empty_space height=\u00bb2&#8243;][vc_empty_space height=\u00bb50&#8243;][\/vc_column_inner][\/vc_row_inner][\/vc_column][\/vc_row]<\/p>\n","protected":false},"author":1,"featured_media":0,"parent":0,"menu_order":0,"comment_status":"closed","ping_status":"closed","template":"full-width.php","meta":{"footnotes":""},"class_list":["post-3183","page","type-page","status-publish","hentry"],"_links":{"self":[{"href":"https:\/\/www.carlotastockar.com.py\/sitio\/wp-json\/wp\/v2\/pages\/3183","targetHints":{"allow":["GET"]}}],"collection":[{"href":"https:\/\/www.carlotastockar.com.py\/sitio\/wp-json\/wp\/v2\/pages"}],"about":[{"href":"https:\/\/www.carlotastockar.com.py\/sitio\/wp-json\/wp\/v2\/types\/page"}],"author":[{"embeddable":true,"href":"https:\/\/www.carlotastockar.com.py\/sitio\/wp-json\/wp\/v2\/users\/1"}],"replies":[{"embeddable":true,"href":"https:\/\/www.carlotastockar.com.py\/sitio\/wp-json\/wp\/v2\/comments?post=3183"}],"version-history":[{"count":12,"href":"https:\/\/www.carlotastockar.com.py\/sitio\/wp-json\/wp\/v2\/pages\/3183\/revisions"}],"predecessor-version":[{"id":5502,"href":"https:\/\/www.carlotastockar.com.py\/sitio\/wp-json\/wp\/v2\/pages\/3183\/revisions\/5502"}],"wp:attachment":[{"href":"https:\/\/www.carlotastockar.com.py\/sitio\/wp-json\/wp\/v2\/media?parent=3183"}],"curies":[{"name":"wp","href":"https:\/\/api.w.org\/{rel}","templated":true}]}}